{"id":416,"date":"2016-04-06T20:30:54","date_gmt":"2016-04-06T17:30:54","guid":{"rendered":"https:\/\/vessorundan.fi\/kontaktuppgifter\/?lang=fi"},"modified":"2016-06-20T10:37:45","modified_gmt":"2016-06-20T07:37:45","slug":"yhteystiedot","status":"publish","type":"page","link":"https:\/\/vessorundan.fi\/fi\/yhteystiedot\/","title":{"rendered":"YHTEYSTIEDOT"},"content":{"rendered":"<div id=\"pl-416\"  class=\"panel-layout\" ><div id=\"pg-416-0\"  class=\"panel-grid panel-has-style\" ><div class=\"siteorigin-panels-stretch kt-panel-row-full-stretch panel-row-style panel-row-style-for-416-0\" style=\"visibility: hidden;\" data-stretch-type=\"full-stretched\" ><div id=\"pgc-416-0-0\"  class=\"panel-grid-cell\" ><div id=\"panel-416-0-0-0\" class=\"so-panel widget widget_virtue_about_with_image virtue_about_with_image panel-first-child panel-last-child\" data-index=\"0\" ><div class=\"kad_img_upload_widget kt-shape-type- kt-image-align-center kt-image-widget-widget-0-0-0\"><div class=\"kt-image-contain  \"><div class=\"kt-image-inner-contain\"><img loading=\"lazy\" decoding=\"async\" width=\"2000\" height=\"460\" src=\"https:\/\/vessorundan.fi\/wp-content\/uploads\/2016\/04\/vessorundan_panorama1.jpg\" class=\"attachment-full size-full\" alt=\"\" srcset=\"https:\/\/vessorundan.fi\/wp-content\/uploads\/2016\/04\/vessorundan_panorama1.jpg 2000w, https:\/\/vessorundan.fi\/wp-content\/uploads\/2016\/04\/vessorundan_panorama1-300x69.jpg 300w, https:\/\/vessorundan.fi\/wp-content\/uploads\/2016\/04\/vessorundan_panorama1-768x177.jpg 768w, https:\/\/vessorundan.fi\/wp-content\/uploads\/2016\/04\/vessorundan_panorama1-1024x236.jpg 1024w\" sizes=\"auto, (max-width: 2000px) 100vw, 2000px\" \/><\/div><\/div><\/div><\/div><\/div><\/div><\/div><div id=\"pg-416-1\"  class=\"panel-grid panel-has-style\" ><div class=\"panel-widget-style panel-row-style panel-row-style-for-416-1\" ><div id=\"pgc-416-1-0\"  class=\"panel-grid-cell\" ><div id=\"panel-416-1-0-0\" class=\"so-panel widget widget_black-studio-tinymce widget_black_studio_tinymce panel-first-child panel-last-child\" data-index=\"1\" ><div class=\"textwidget\"><h3>Yhteystiedot<\/h3>\n\n<p>Wess\u00f6landets Ungdomsf\u00f6rening r.f.<br \/>\n<p>Anders Weckstr\u00f6m<br \/>\npuh. 0400 794 849<\/p>\n<\/div><\/div><\/div><div id=\"pgc-416-1-1\"  class=\"panel-grid-cell\" ><div id=\"panel-416-1-1-0\" class=\"so-panel widget widget_black-studio-tinymce widget_black_studio_tinymce panel-first-child panel-last-child\" data-index=\"2\" ><div class=\"textwidget\"><h3>Haluatko kysy\u00e4 jotain?<\/h3>\n\n<p>&nbsp;<\/p>\n\n\n<div class=\"wpcf7 no-js\" id=\"wpcf7-f419-o1\" lang=\"sv-SE\" dir=\"ltr\" data-wpcf7-id=\"419\">\n<div class=\"screen-reader-response\"><p role=\"status\" aria-live=\"polite\" aria-atomic=\"true\"><\/p> <ul><\/ul><\/div>\n<form action=\"\/fi\/wp-json\/wp\/v2\/pages\/416#wpcf7-f419-o1\" method=\"post\" class=\"wpcf7-form init\" aria-label=\"Kontaktformul\u00e4r\" novalidate=\"novalidate\" data-status=\"init\">\n<fieldset class=\"hidden-fields-container\"><input type=\"hidden\" name=\"_wpcf7\" value=\"419\" \/><input type=\"hidden\" name=\"_wpcf7_version\" value=\"6.1.5\" \/><input type=\"hidden\" name=\"_wpcf7_locale\" value=\"sv_SE\" \/><input type=\"hidden\" name=\"_wpcf7_unit_tag\" value=\"wpcf7-f419-o1\" \/><input type=\"hidden\" name=\"_wpcf7_container_post\" value=\"0\" \/><input type=\"hidden\" name=\"_wpcf7_posted_data_hash\" value=\"\" \/>\n<\/fieldset>\n<p>Nimi (pakollinen)\n<\/p>\n<p><span class=\"wpcf7-form-control-wrap\" data-name=\"your-name\"><input size=\"40\" maxlength=\"400\" class=\"wpcf7-form-control wpcf7-text wpcf7-validates-as-required\" aria-required=\"true\" aria-invalid=\"false\" value=\"\" type=\"text\" name=\"your-name\" \/><\/span>\n<\/p>\n<p>Puhelin (pakollinen)\n<\/p>\n<p><span class=\"wpcf7-form-control-wrap\" data-name=\"tel-951\"><input size=\"40\" maxlength=\"400\" class=\"wpcf7-form-control wpcf7-tel wpcf7-validates-as-required wpcf7-text wpcf7-validates-as-tel\" aria-required=\"true\" aria-invalid=\"false\" value=\"\" type=\"tel\" name=\"tel-951\" \/><\/span>\n<\/p>\n<p>S-posti (pakollinen)\n<\/p>\n<p><span class=\"wpcf7-form-control-wrap\" data-name=\"your-email\"><input size=\"40\" maxlength=\"400\" class=\"wpcf7-form-control wpcf7-email wpcf7-validates-as-required wpcf7-text wpcf7-validates-as-email\" aria-required=\"true\" aria-invalid=\"false\" value=\"\" type=\"email\" name=\"your-email\" \/><\/span>\n<\/p>\n<p>Aihe\n<\/p>\n<p><span class=\"wpcf7-form-control-wrap\" data-name=\"your-subject\"><input size=\"40\" maxlength=\"400\" class=\"wpcf7-form-control wpcf7-text\" aria-invalid=\"false\" value=\"\" type=\"text\" name=\"your-subject\" \/><\/span>\n<\/p>\n<p>Viestisi\n<\/p>\n<p><span class=\"wpcf7-form-control-wrap\" data-name=\"your-message\"><textarea cols=\"40\" rows=\"10\" maxlength=\"2000\" class=\"wpcf7-form-control wpcf7-textarea\" aria-invalid=\"false\" name=\"your-message\"><\/textarea><\/span>\n<\/p>\n<p><span class=\"wpcf7-form-control-wrap\" data-name=\"quiz-516\"><label><span class=\"wpcf7-quiz-label\">V\u00e4ltt\u00e4\u00e4ksemme roskapostia vastaa kysymykseem. Paljonko on 10+0<\/span> <input size=\"40\" class=\"wpcf7-form-control wpcf7-quiz\" autocomplete=\"off\" aria-required=\"true\" aria-invalid=\"false\" type=\"text\" name=\"quiz-516\" \/><\/label><input type=\"hidden\" name=\"_wpcf7_quiz_answer_quiz-516\" value=\"6e2c079a3db6c9e67f542b1121f87415\" \/><\/span>\n<\/p>\n<p><input class=\"wpcf7-form-control wpcf7-submit has-spinner\" type=\"submit\" value=\"L\u00e4het\u00e4\" \/>\n<\/p><div class=\"wpcf7-response-output\" aria-hidden=\"true\"><\/div>\n<\/form>\n<\/div>\n<\/div><\/div><\/div><\/div><\/div><\/div>","protected":false},"excerpt":{"rendered":"<p>Yhteystiedot Wess\u00f6landets Ungdomsf\u00f6rening r.f. Anders Weckstr\u00f6m puh. 0400 794 849 Haluatko kysy\u00e4 jotain? &nbsp;<\/p>\n","protected":false},"author":2,"featured_media":0,"parent":0,"menu_order":0,"comment_status":"closed","ping_status":"closed","template":"page-fullwidth.php","meta":{"footnotes":""},"class_list":["post-416","page","type-page","status-publish","hentry"],"yoast_head":"<!-- This site is optimized with the Yoast SEO plugin v27.4 - https:\/\/yoast.com\/product\/yoast-seo-wordpress\/ -->\n<title>YHTEYSTIEDOT | Vess&ouml;rund&aring;n 2025<\/title>\n<meta name=\"robots\" content=\"index, follow, max-snippet:-1, max-image-preview:large, max-video-preview:-1\" \/>\n<link rel=\"canonical\" href=\"https:\/\/vessorundan.fi\/fi\/yhteystiedot\/\" \/>\n<meta property=\"og:locale\" content=\"fi_FI\" \/>\n<meta property=\"og:type\" content=\"article\" \/>\n<meta property=\"og:title\" content=\"YHTEYSTIEDOT | Vess&ouml;rund&aring;n 2025\" \/>\n<meta property=\"og:description\" content=\"Yhteystiedot Wess\u00f6landets Ungdomsf\u00f6rening r.f. Anders Weckstr\u00f6m puh. 0400 794 849 Haluatko kysy\u00e4 jotain? &nbsp;\" \/>\n<meta property=\"og:url\" content=\"https:\/\/vessorundan.fi\/fi\/yhteystiedot\/\" \/>\n<meta property=\"og:site_name\" content=\"Vess&ouml;rund&aring;n 2025\" \/>\n<meta property=\"article:modified_time\" content=\"2016-06-20T07:37:45+00:00\" \/>\n<meta property=\"og:image\" content=\"https:\/\/vessorundan.fi\/wp-content\/uploads\/2016\/04\/vessorundan_panorama1.jpg\" \/>\n<meta name=\"twitter:card\" content=\"summary_large_image\" \/>\n<script type=\"application\/ld+json\" class=\"yoast-schema-graph\">{\"@context\":\"https:\\\/\\\/schema.org\",\"@graph\":[{\"@type\":\"WebPage\",\"@id\":\"https:\\\/\\\/vessorundan.fi\\\/fi\\\/yhteystiedot\\\/\",\"url\":\"https:\\\/\\\/vessorundan.fi\\\/fi\\\/yhteystiedot\\\/\",\"name\":\"YHTEYSTIEDOT | Vess&ouml;rund&aring;n 2025\",\"isPartOf\":{\"@id\":\"https:\\\/\\\/vessorundan.fi\\\/#website\"},\"primaryImageOfPage\":{\"@id\":\"https:\\\/\\\/vessorundan.fi\\\/fi\\\/yhteystiedot\\\/#primaryimage\"},\"image\":{\"@id\":\"https:\\\/\\\/vessorundan.fi\\\/fi\\\/yhteystiedot\\\/#primaryimage\"},\"thumbnailUrl\":\"https:\\\/\\\/vessorundan.fi\\\/wp-content\\\/uploads\\\/2016\\\/04\\\/vessorundan_panorama1.jpg\",\"datePublished\":\"2016-04-06T17:30:54+00:00\",\"dateModified\":\"2016-06-20T07:37:45+00:00\",\"breadcrumb\":{\"@id\":\"https:\\\/\\\/vessorundan.fi\\\/fi\\\/yhteystiedot\\\/#breadcrumb\"},\"inLanguage\":\"fi\",\"potentialAction\":[{\"@type\":\"ReadAction\",\"target\":[\"https:\\\/\\\/vessorundan.fi\\\/fi\\\/yhteystiedot\\\/\"]}]},{\"@type\":\"ImageObject\",\"inLanguage\":\"fi\",\"@id\":\"https:\\\/\\\/vessorundan.fi\\\/fi\\\/yhteystiedot\\\/#primaryimage\",\"url\":\"https:\\\/\\\/vessorundan.fi\\\/wp-content\\\/uploads\\\/2016\\\/04\\\/vessorundan_panorama1.jpg\",\"contentUrl\":\"https:\\\/\\\/vessorundan.fi\\\/wp-content\\\/uploads\\\/2016\\\/04\\\/vessorundan_panorama1.jpg\"},{\"@type\":\"BreadcrumbList\",\"@id\":\"https:\\\/\\\/vessorundan.fi\\\/fi\\\/yhteystiedot\\\/#breadcrumb\",\"itemListElement\":[{\"@type\":\"ListItem\",\"position\":1,\"name\":\"Hem\",\"item\":\"https:\\\/\\\/vessorundan.fi\\\/fi\\\/\"},{\"@type\":\"ListItem\",\"position\":2,\"name\":\"YHTEYSTIEDOT\"}]},{\"@type\":\"WebSite\",\"@id\":\"https:\\\/\\\/vessorundan.fi\\\/#website\",\"url\":\"https:\\\/\\\/vessorundan.fi\\\/\",\"name\":\"Vess\u00f6rund\u00e5n 2025\",\"description\":\"10 km loppet p&aring; Vess&ouml; - 10 km juoksutapahtuma Vess&ouml;&ouml;ss&auml;\",\"publisher\":{\"@id\":\"https:\\\/\\\/vessorundan.fi\\\/#organization\"},\"alternateName\":\"Vess\u00f6rund\u00e5n\",\"potentialAction\":[{\"@type\":\"SearchAction\",\"target\":{\"@type\":\"EntryPoint\",\"urlTemplate\":\"https:\\\/\\\/vessorundan.fi\\\/?s={search_term_string}\"},\"query-input\":{\"@type\":\"PropertyValueSpecification\",\"valueRequired\":true,\"valueName\":\"search_term_string\"}}],\"inLanguage\":\"fi\"},{\"@type\":\"Organization\",\"@id\":\"https:\\\/\\\/vessorundan.fi\\\/#organization\",\"name\":\"Vess\u00f6rund\u00e5n\",\"url\":\"https:\\\/\\\/vessorundan.fi\\\/\",\"logo\":{\"@type\":\"ImageObject\",\"inLanguage\":\"fi\",\"@id\":\"https:\\\/\\\/vessorundan.fi\\\/#\\\/schema\\\/logo\\\/image\\\/\",\"url\":\"https:\\\/\\\/vessorundan.fi\\\/wp-content\\\/uploads\\\/2020\\\/07\\\/cropped-vrundan_ico.png\",\"contentUrl\":\"https:\\\/\\\/vessorundan.fi\\\/wp-content\\\/uploads\\\/2020\\\/07\\\/cropped-vrundan_ico.png\",\"width\":512,\"height\":512,\"caption\":\"Vess\u00f6rund\u00e5n\"},\"image\":{\"@id\":\"https:\\\/\\\/vessorundan.fi\\\/#\\\/schema\\\/logo\\\/image\\\/\"}}]}<\/script>\n<!-- \/ Yoast SEO plugin. -->","yoast_head_json":{"title":"YHTEYSTIEDOT | Vess&ouml;rund&aring;n 2025","robots":{"index":"index","follow":"follow","max-snippet":"max-snippet:-1","max-image-preview":"max-image-preview:large","max-video-preview":"max-video-preview:-1"},"canonical":"https:\/\/vessorundan.fi\/fi\/yhteystiedot\/","og_locale":"fi_FI","og_type":"article","og_title":"YHTEYSTIEDOT | Vess&ouml;rund&aring;n 2025","og_description":"Yhteystiedot Wess\u00f6landets Ungdomsf\u00f6rening r.f. Anders Weckstr\u00f6m puh. 0400 794 849 Haluatko kysy\u00e4 jotain? &nbsp;","og_url":"https:\/\/vessorundan.fi\/fi\/yhteystiedot\/","og_site_name":"Vess&ouml;rund&aring;n 2025","article_modified_time":"2016-06-20T07:37:45+00:00","og_image":[{"url":"https:\/\/vessorundan.fi\/wp-content\/uploads\/2016\/04\/vessorundan_panorama1.jpg","type":"","width":"","height":""}],"twitter_card":"summary_large_image","schema":{"@context":"https:\/\/schema.org","@graph":[{"@type":"WebPage","@id":"https:\/\/vessorundan.fi\/fi\/yhteystiedot\/","url":"https:\/\/vessorundan.fi\/fi\/yhteystiedot\/","name":"YHTEYSTIEDOT | Vess&ouml;rund&aring;n 2025","isPartOf":{"@id":"https:\/\/vessorundan.fi\/#website"},"primaryImageOfPage":{"@id":"https:\/\/vessorundan.fi\/fi\/yhteystiedot\/#primaryimage"},"image":{"@id":"https:\/\/vessorundan.fi\/fi\/yhteystiedot\/#primaryimage"},"thumbnailUrl":"https:\/\/vessorundan.fi\/wp-content\/uploads\/2016\/04\/vessorundan_panorama1.jpg","datePublished":"2016-04-06T17:30:54+00:00","dateModified":"2016-06-20T07:37:45+00:00","breadcrumb":{"@id":"https:\/\/vessorundan.fi\/fi\/yhteystiedot\/#breadcrumb"},"inLanguage":"fi","potentialAction":[{"@type":"ReadAction","target":["https:\/\/vessorundan.fi\/fi\/yhteystiedot\/"]}]},{"@type":"ImageObject","inLanguage":"fi","@id":"https:\/\/vessorundan.fi\/fi\/yhteystiedot\/#primaryimage","url":"https:\/\/vessorundan.fi\/wp-content\/uploads\/2016\/04\/vessorundan_panorama1.jpg","contentUrl":"https:\/\/vessorundan.fi\/wp-content\/uploads\/2016\/04\/vessorundan_panorama1.jpg"},{"@type":"BreadcrumbList","@id":"https:\/\/vessorundan.fi\/fi\/yhteystiedot\/#breadcrumb","itemListElement":[{"@type":"ListItem","position":1,"name":"Hem","item":"https:\/\/vessorundan.fi\/fi\/"},{"@type":"ListItem","position":2,"name":"YHTEYSTIEDOT"}]},{"@type":"WebSite","@id":"https:\/\/vessorundan.fi\/#website","url":"https:\/\/vessorundan.fi\/","name":"Vess\u00f6rund\u00e5n 2025","description":"10 km loppet p&aring; Vess&ouml; - 10 km juoksutapahtuma Vess&ouml;&ouml;ss&auml;","publisher":{"@id":"https:\/\/vessorundan.fi\/#organization"},"alternateName":"Vess\u00f6rund\u00e5n","potentialAction":[{"@type":"SearchAction","target":{"@type":"EntryPoint","urlTemplate":"https:\/\/vessorundan.fi\/?s={search_term_string}"},"query-input":{"@type":"PropertyValueSpecification","valueRequired":true,"valueName":"search_term_string"}}],"inLanguage":"fi"},{"@type":"Organization","@id":"https:\/\/vessorundan.fi\/#organization","name":"Vess\u00f6rund\u00e5n","url":"https:\/\/vessorundan.fi\/","logo":{"@type":"ImageObject","inLanguage":"fi","@id":"https:\/\/vessorundan.fi\/#\/schema\/logo\/image\/","url":"https:\/\/vessorundan.fi\/wp-content\/uploads\/2020\/07\/cropped-vrundan_ico.png","contentUrl":"https:\/\/vessorundan.fi\/wp-content\/uploads\/2020\/07\/cropped-vrundan_ico.png","width":512,"height":512,"caption":"Vess\u00f6rund\u00e5n"},"image":{"@id":"https:\/\/vessorundan.fi\/#\/schema\/logo\/image\/"}}]}},"_links":{"self":[{"href":"https:\/\/vessorundan.fi\/fi\/wp-json\/wp\/v2\/pages\/416","targetHints":{"allow":["GET"]}}],"collection":[{"href":"https:\/\/vessorundan.fi\/fi\/wp-json\/wp\/v2\/pages"}],"about":[{"href":"https:\/\/vessorundan.fi\/fi\/wp-json\/wp\/v2\/types\/page"}],"author":[{"embeddable":true,"href":"https:\/\/vessorundan.fi\/fi\/wp-json\/wp\/v2\/users\/2"}],"replies":[{"embeddable":true,"href":"https:\/\/vessorundan.fi\/fi\/wp-json\/wp\/v2\/comments?post=416"}],"version-history":[{"count":0,"href":"https:\/\/vessorundan.fi\/fi\/wp-json\/wp\/v2\/pages\/416\/revisions"}],"wp:attachment":[{"href":"https:\/\/vessorundan.fi\/fi\/wp-json\/wp\/v2\/media?parent=416"}],"curies":[{"name":"wp","href":"https:\/\/api.w.org\/{rel}","templated":true}]}}