{"id":425,"date":"2016-04-07T13:49:17","date_gmt":"2016-04-07T10:49:17","guid":{"rendered":"https:\/\/vessorundan.fi\/rutt\/?lang=fi"},"modified":"2025-07-15T15:53:38","modified_gmt":"2025-07-15T12:53:38","slug":"reitti","status":"publish","type":"page","link":"https:\/\/vessorundan.fi\/fi\/reitti\/","title":{"rendered":"REITTI"},"content":{"rendered":"<div id=\"pl-425\"  class=\"panel-layout\" ><div id=\"pg-425-0\"  class=\"panel-grid panel-has-style\" ><div class=\"siteorigin-panels-stretch panel-row-style panel-row-style-for-425-0\" data-stretch-type=\"full-width-stretch\" ><div id=\"pgc-425-0-0\"  class=\"panel-grid-cell\" ><div id=\"panel-425-0-0-0\" class=\"so-panel widget widget_virtue_about_with_image virtue_about_with_image panel-first-child panel-last-child\" data-index=\"0\" ><div class=\"kad_img_upload_widget kt-shape-type-kt-image-shape-standard kt-image-align-center kt-image-widget-widget-0-0-0\"><div class=\"kt-image-contain kt-image-shadow-none kt-image-shape-standard\"><div class=\"kt-image-inner-contain\"><img loading=\"lazy\" decoding=\"async\" width=\"2000\" height=\"460\" src=\"https:\/\/vessorundan.fi\/wp-content\/uploads\/2018\/05\/vessorundan_panorama4.jpg\" class=\"attachment-full size-full\" alt=\"Vess\u00f6rund\u00e5n\" srcset=\"https:\/\/vessorundan.fi\/wp-content\/uploads\/2018\/05\/vessorundan_panorama4.jpg 2000w, https:\/\/vessorundan.fi\/wp-content\/uploads\/2018\/05\/vessorundan_panorama4-300x69.jpg 300w, https:\/\/vessorundan.fi\/wp-content\/uploads\/2018\/05\/vessorundan_panorama4-768x177.jpg 768w, https:\/\/vessorundan.fi\/wp-content\/uploads\/2018\/05\/vessorundan_panorama4-1024x236.jpg 1024w\" sizes=\"auto, (max-width: 2000px) 100vw, 2000px\" \/><\/div><\/div><\/div><\/div><\/div><\/div><\/div><div id=\"pg-425-1\"  class=\"panel-grid panel-has-style\" ><div class=\"panel-widget-style panel-row-style panel-row-style-for-425-1\" ><div id=\"pgc-425-1-0\"  class=\"panel-grid-cell\" ><div id=\"panel-425-1-0-0\" class=\"so-panel widget widget_black-studio-tinymce widget_black_studio_tinymce panel-first-child panel-last-child\" data-index=\"1\" ><div class=\"textwidget\"><h3>REITTI 2025<\/h3>\n\n<p>Vess\u00f6rund\u00e5nin reitit vaihtelevat vuodesta toiseen. L\u00e4ht\u00f6-\/maalipaikka on t\u00e4n\u00e4 vuonna Kurb\u00f6less\u00e4, Nybondaksentie 45, 06200 Porvoo. <\/p>\n\n<p>Huom! Molemmat reitit noin 10 km ja 6,5 km ovat ajanotolla. Juniorien matka on 6,5 km. Jos haluaa k\u00e4vell\u00e4 niin matka on my\u00f6s 6,5 km.\nKilpailuluokat naisille ja miehille 10 km. Juniorit 14 vuotta ja nuoremmat 6,5 km. Reitit p\u00e4ivitetty 15.7.2025.<\/p>\n\n<p>Vess\u00f6rund\u00e5n on koko perheen tapahtuma.<\/p>\n\n\nLue my\u00f6s <a style=\"font-weight:normal; color:#000000;\" href=\"https:\/\/vessorundan.fi\/wp-content\/uploads\/2025\/07\/vessorundan_info_2025.pdf\" rel=\"noopener\" target=\"_blank\"><u>Ohjeet kaikille osallistujille 2025 julkaistu 15.7.2025<\/u><\/a>!\n\n<\/div><\/div><\/div><div id=\"pgc-425-1-1\"  class=\"panel-grid-cell\" ><div id=\"panel-425-1-1-0\" class=\"so-panel widget widget_virtue_about_with_image virtue_about_with_image panel-first-child\" data-index=\"2\" ><div class=\"kad_img_upload_widget kt-shape-type-kt-image-shape-standard kt-image-align-center kt-image-widget-widget-1-1-0\"><a href=\"https:\/\/vessorundan.fi\/wp-content\/uploads\/2025\/07\/Vessorundan2025-10-km-final.png\" rel=\"lightbox\"><div class=\"kt-image-contain kt-image-shadow-none kt-image-shape-standard\"><div class=\"kt-image-inner-contain\"><img loading=\"lazy\" decoding=\"async\" width=\"1055\" height=\"830\" src=\"https:\/\/vessorundan.fi\/wp-content\/uploads\/2025\/07\/Vessorundan2025-10-km-final.png\" class=\"attachment-full size-full\" alt=\"\t\t\t\t\t\t\t\t \t\t\t\t\t\t\t\t \t\t\t\t\" srcset=\"https:\/\/vessorundan.fi\/wp-content\/uploads\/2025\/07\/Vessorundan2025-10-km-final.png 1055w, https:\/\/vessorundan.fi\/wp-content\/uploads\/2025\/07\/Vessorundan2025-10-km-final-300x236.png 300w, https:\/\/vessorundan.fi\/wp-content\/uploads\/2025\/07\/Vessorundan2025-10-km-final-1024x806.png 1024w, https:\/\/vessorundan.fi\/wp-content\/uploads\/2025\/07\/Vessorundan2025-10-km-final-768x604.png 768w\" sizes=\"auto, (max-width: 1055px) 100vw, 1055px\" \/><\/div><\/div><\/a><div class=\"virtue_image_widget_caption kadence_image_widget_caption\">\t\t\t\t\t\t\t\t Vess\u00f6rund\u00e5n - 10 km\t\t\t\t\t\t \t\t\t\t<\/div><\/div><\/div><div id=\"panel-425-1-1-1\" class=\"so-panel widget widget_virtue_about_with_image virtue_about_with_image panel-last-child\" data-index=\"3\" ><div class=\"kad_img_upload_widget kt-shape-type-kt-image-shape-standard kt-image-align-center kt-image-widget-widget-1-1-1\"><a href=\"https:\/\/vessorundan.fi\/wp-content\/uploads\/2025\/07\/Vessorundan2025-6-5-km-final.png\" rel=\"lightbox\"><div class=\"kt-image-contain kt-image-shadow-none kt-image-shape-standard\"><div class=\"kt-image-inner-contain\"><img loading=\"lazy\" decoding=\"async\" width=\"1111\" height=\"834\" src=\"https:\/\/vessorundan.fi\/wp-content\/uploads\/2025\/07\/Vessorundan2025-6-5-km-final.png\" class=\"attachment-full size-full\" alt=\"\t\t\t\t\t\t\t\t \t\t\t\t\t\t\t\t \t\t\t\t\t\t\t\t \t\t\t\t\t\t\" srcset=\"https:\/\/vessorundan.fi\/wp-content\/uploads\/2025\/07\/Vessorundan2025-6-5-km-final.png 1111w, https:\/\/vessorundan.fi\/wp-content\/uploads\/2025\/07\/Vessorundan2025-6-5-km-final-300x225.png 300w, https:\/\/vessorundan.fi\/wp-content\/uploads\/2025\/07\/Vessorundan2025-6-5-km-final-1024x769.png 1024w, https:\/\/vessorundan.fi\/wp-content\/uploads\/2025\/07\/Vessorundan2025-6-5-km-final-768x577.png 768w\" sizes=\"auto, (max-width: 1111px) 100vw, 1111px\" \/><\/div><\/div><\/a><div class=\"virtue_image_widget_caption kadence_image_widget_caption\">\t\t\t\t\t\t\t\t \t\t\t\t\t\t\t\t Vess\u00f6rund\u00e5n - 6.5 km\t\t\t\t\t\t \t\t\t\t\t\t<\/div><\/div><\/div><\/div><\/div><\/div><\/div>","protected":false},"excerpt":{"rendered":"<p>REITTI 2025 Vess\u00f6rund\u00e5nin reitit vaihtelevat vuodesta toiseen. L\u00e4ht\u00f6-\/maalipaikka on t\u00e4n\u00e4 vuonna Kurb\u00f6less\u00e4, Nybondaksentie 45, 06200 Porvoo. Huom! Molemmat reitit noin 10 km ja 6,5 km ovat ajanotolla. Juniorien matka on 6,5 km. Jos haluaa k\u00e4vell\u00e4 niin matka on my\u00f6s 6,5 &hellip; <a class=\"kt-excerpt-readmore\" href=\"https:\/\/vessorundan.fi\/fi\/reitti\/\" aria-label=\"REITTI\">Read More<\/a><\/p>\n","protected":false},"author":2,"featured_media":2108,"parent":0,"menu_order":0,"comment_status":"closed","ping_status":"closed","template":"page-fullwidth.php","meta":{"footnotes":""},"class_list":["post-425","page","type-page","status-publish","has-post-thumbnail","hentry"],"yoast_head":"<!-- This site is optimized with the Yoast SEO plugin v27.4 - https:\/\/yoast.com\/product\/yoast-seo-wordpress\/ -->\n<title>REITTI | Vess\u00f6rund\u00e5n 2025<\/title>\n<meta name=\"robots\" content=\"index, follow, max-snippet:-1, max-image-preview:large, max-video-preview:-1\" \/>\n<link rel=\"canonical\" href=\"https:\/\/vessorundan.fi\/fi\/reitti\/\" \/>\n<meta property=\"og:locale\" content=\"fi_FI\" \/>\n<meta property=\"og:type\" content=\"article\" \/>\n<meta property=\"og:title\" content=\"REITTI | Vess\u00f6rund\u00e5n 2025\" \/>\n<meta property=\"og:description\" content=\"REITTI 2025 Vess\u00f6rund\u00e5nin reitit vaihtelevat vuodesta toiseen. L\u00e4ht\u00f6-\/maalipaikka on t\u00e4n\u00e4 vuonna Kurb\u00f6less\u00e4, Nybondaksentie 45, 06200 Porvoo. Huom! Molemmat reitit noin 10 km ja 6,5 km ovat ajanotolla. Juniorien matka on 6,5 km. Jos haluaa k\u00e4vell\u00e4 niin matka on my\u00f6s 6,5 &hellip; Read More\" \/>\n<meta property=\"og:url\" content=\"https:\/\/vessorundan.fi\/fi\/reitti\/\" \/>\n<meta property=\"og:site_name\" content=\"Vess&ouml;rund&aring;n 2025\" \/>\n<meta property=\"article:modified_time\" content=\"2025-07-15T12:53:38+00:00\" \/>\n<meta property=\"og:image\" content=\"https:\/\/vessorundan.fi\/wp-content\/uploads\/2025\/05\/vessorundan2025.jpg\" \/>\n\t<meta property=\"og:image:width\" content=\"1200\" \/>\n\t<meta property=\"og:image:height\" content=\"657\" \/>\n\t<meta property=\"og:image:type\" content=\"image\/jpeg\" \/>\n<meta name=\"twitter:card\" content=\"summary_large_image\" \/>\n<meta name=\"twitter:label1\" content=\"Arvioitu lukuaika\" \/>\n\t<meta name=\"twitter:data1\" content=\"2 minuuttia\" \/>\n<script type=\"application\/ld+json\" class=\"yoast-schema-graph\">{\"@context\":\"https:\\\/\\\/schema.org\",\"@graph\":[{\"@type\":\"WebPage\",\"@id\":\"https:\\\/\\\/vessorundan.fi\\\/fi\\\/reitti\\\/\",\"url\":\"https:\\\/\\\/vessorundan.fi\\\/fi\\\/reitti\\\/\",\"name\":\"REITTI | Vess\u00f6rund\u00e5n 2025\",\"isPartOf\":{\"@id\":\"https:\\\/\\\/vessorundan.fi\\\/#website\"},\"primaryImageOfPage\":{\"@id\":\"https:\\\/\\\/vessorundan.fi\\\/fi\\\/reitti\\\/#primaryimage\"},\"image\":{\"@id\":\"https:\\\/\\\/vessorundan.fi\\\/fi\\\/reitti\\\/#primaryimage\"},\"thumbnailUrl\":\"https:\\\/\\\/vessorundan.fi\\\/wp-content\\\/uploads\\\/2025\\\/05\\\/vessorundan2025.jpg\",\"datePublished\":\"2016-04-07T10:49:17+00:00\",\"dateModified\":\"2025-07-15T12:53:38+00:00\",\"breadcrumb\":{\"@id\":\"https:\\\/\\\/vessorundan.fi\\\/fi\\\/reitti\\\/#breadcrumb\"},\"inLanguage\":\"fi\",\"potentialAction\":[{\"@type\":\"ReadAction\",\"target\":[\"https:\\\/\\\/vessorundan.fi\\\/fi\\\/reitti\\\/\"]}]},{\"@type\":\"ImageObject\",\"inLanguage\":\"fi\",\"@id\":\"https:\\\/\\\/vessorundan.fi\\\/fi\\\/reitti\\\/#primaryimage\",\"url\":\"https:\\\/\\\/vessorundan.fi\\\/wp-content\\\/uploads\\\/2025\\\/05\\\/vessorundan2025.jpg\",\"contentUrl\":\"https:\\\/\\\/vessorundan.fi\\\/wp-content\\\/uploads\\\/2025\\\/05\\\/vessorundan2025.jpg\",\"width\":1200,\"height\":657,\"caption\":\"Vess\u00f6rund\u00e5n 2025.\"},{\"@type\":\"BreadcrumbList\",\"@id\":\"https:\\\/\\\/vessorundan.fi\\\/fi\\\/reitti\\\/#breadcrumb\",\"itemListElement\":[{\"@type\":\"ListItem\",\"position\":1,\"name\":\"Hem\",\"item\":\"https:\\\/\\\/vessorundan.fi\\\/fi\\\/\"},{\"@type\":\"ListItem\",\"position\":2,\"name\":\"REITTI\"}]},{\"@type\":\"WebSite\",\"@id\":\"https:\\\/\\\/vessorundan.fi\\\/#website\",\"url\":\"https:\\\/\\\/vessorundan.fi\\\/\",\"name\":\"Vess\u00f6rund\u00e5n 2025\",\"description\":\"10 km loppet p&aring; Vess&ouml; - 10 km juoksutapahtuma Vess&ouml;&ouml;ss&auml;\",\"publisher\":{\"@id\":\"https:\\\/\\\/vessorundan.fi\\\/#organization\"},\"alternateName\":\"Vess\u00f6rund\u00e5n\",\"potentialAction\":[{\"@type\":\"SearchAction\",\"target\":{\"@type\":\"EntryPoint\",\"urlTemplate\":\"https:\\\/\\\/vessorundan.fi\\\/?s={search_term_string}\"},\"query-input\":{\"@type\":\"PropertyValueSpecification\",\"valueRequired\":true,\"valueName\":\"search_term_string\"}}],\"inLanguage\":\"fi\"},{\"@type\":\"Organization\",\"@id\":\"https:\\\/\\\/vessorundan.fi\\\/#organization\",\"name\":\"Vess\u00f6rund\u00e5n\",\"url\":\"https:\\\/\\\/vessorundan.fi\\\/\",\"logo\":{\"@type\":\"ImageObject\",\"inLanguage\":\"fi\",\"@id\":\"https:\\\/\\\/vessorundan.fi\\\/#\\\/schema\\\/logo\\\/image\\\/\",\"url\":\"https:\\\/\\\/vessorundan.fi\\\/wp-content\\\/uploads\\\/2020\\\/07\\\/cropped-vrundan_ico.png\",\"contentUrl\":\"https:\\\/\\\/vessorundan.fi\\\/wp-content\\\/uploads\\\/2020\\\/07\\\/cropped-vrundan_ico.png\",\"width\":512,\"height\":512,\"caption\":\"Vess\u00f6rund\u00e5n\"},\"image\":{\"@id\":\"https:\\\/\\\/vessorundan.fi\\\/#\\\/schema\\\/logo\\\/image\\\/\"}}]}<\/script>\n<!-- \/ Yoast SEO plugin. -->","yoast_head_json":{"title":"REITTI | Vess\u00f6rund\u00e5n 2025","robots":{"index":"index","follow":"follow","max-snippet":"max-snippet:-1","max-image-preview":"max-image-preview:large","max-video-preview":"max-video-preview:-1"},"canonical":"https:\/\/vessorundan.fi\/fi\/reitti\/","og_locale":"fi_FI","og_type":"article","og_title":"REITTI | Vess\u00f6rund\u00e5n 2025","og_description":"REITTI 2025 Vess\u00f6rund\u00e5nin reitit vaihtelevat vuodesta toiseen. L\u00e4ht\u00f6-\/maalipaikka on t\u00e4n\u00e4 vuonna Kurb\u00f6less\u00e4, Nybondaksentie 45, 06200 Porvoo. Huom! Molemmat reitit noin 10 km ja 6,5 km ovat ajanotolla. Juniorien matka on 6,5 km. Jos haluaa k\u00e4vell\u00e4 niin matka on my\u00f6s 6,5 &hellip; Read More","og_url":"https:\/\/vessorundan.fi\/fi\/reitti\/","og_site_name":"Vess&ouml;rund&aring;n 2025","article_modified_time":"2025-07-15T12:53:38+00:00","og_image":[{"width":1200,"height":657,"url":"https:\/\/vessorundan.fi\/wp-content\/uploads\/2025\/05\/vessorundan2025.jpg","type":"image\/jpeg"}],"twitter_card":"summary_large_image","twitter_misc":{"Arvioitu lukuaika":"2 minuuttia"},"schema":{"@context":"https:\/\/schema.org","@graph":[{"@type":"WebPage","@id":"https:\/\/vessorundan.fi\/fi\/reitti\/","url":"https:\/\/vessorundan.fi\/fi\/reitti\/","name":"REITTI | Vess\u00f6rund\u00e5n 2025","isPartOf":{"@id":"https:\/\/vessorundan.fi\/#website"},"primaryImageOfPage":{"@id":"https:\/\/vessorundan.fi\/fi\/reitti\/#primaryimage"},"image":{"@id":"https:\/\/vessorundan.fi\/fi\/reitti\/#primaryimage"},"thumbnailUrl":"https:\/\/vessorundan.fi\/wp-content\/uploads\/2025\/05\/vessorundan2025.jpg","datePublished":"2016-04-07T10:49:17+00:00","dateModified":"2025-07-15T12:53:38+00:00","breadcrumb":{"@id":"https:\/\/vessorundan.fi\/fi\/reitti\/#breadcrumb"},"inLanguage":"fi","potentialAction":[{"@type":"ReadAction","target":["https:\/\/vessorundan.fi\/fi\/reitti\/"]}]},{"@type":"ImageObject","inLanguage":"fi","@id":"https:\/\/vessorundan.fi\/fi\/reitti\/#primaryimage","url":"https:\/\/vessorundan.fi\/wp-content\/uploads\/2025\/05\/vessorundan2025.jpg","contentUrl":"https:\/\/vessorundan.fi\/wp-content\/uploads\/2025\/05\/vessorundan2025.jpg","width":1200,"height":657,"caption":"Vess\u00f6rund\u00e5n 2025."},{"@type":"BreadcrumbList","@id":"https:\/\/vessorundan.fi\/fi\/reitti\/#breadcrumb","itemListElement":[{"@type":"ListItem","position":1,"name":"Hem","item":"https:\/\/vessorundan.fi\/fi\/"},{"@type":"ListItem","position":2,"name":"REITTI"}]},{"@type":"WebSite","@id":"https:\/\/vessorundan.fi\/#website","url":"https:\/\/vessorundan.fi\/","name":"Vess\u00f6rund\u00e5n 2025","description":"10 km loppet p&aring; Vess&ouml; - 10 km juoksutapahtuma Vess&ouml;&ouml;ss&auml;","publisher":{"@id":"https:\/\/vessorundan.fi\/#organization"},"alternateName":"Vess\u00f6rund\u00e5n","potentialAction":[{"@type":"SearchAction","target":{"@type":"EntryPoint","urlTemplate":"https:\/\/vessorundan.fi\/?s={search_term_string}"},"query-input":{"@type":"PropertyValueSpecification","valueRequired":true,"valueName":"search_term_string"}}],"inLanguage":"fi"},{"@type":"Organization","@id":"https:\/\/vessorundan.fi\/#organization","name":"Vess\u00f6rund\u00e5n","url":"https:\/\/vessorundan.fi\/","logo":{"@type":"ImageObject","inLanguage":"fi","@id":"https:\/\/vessorundan.fi\/#\/schema\/logo\/image\/","url":"https:\/\/vessorundan.fi\/wp-content\/uploads\/2020\/07\/cropped-vrundan_ico.png","contentUrl":"https:\/\/vessorundan.fi\/wp-content\/uploads\/2020\/07\/cropped-vrundan_ico.png","width":512,"height":512,"caption":"Vess\u00f6rund\u00e5n"},"image":{"@id":"https:\/\/vessorundan.fi\/#\/schema\/logo\/image\/"}}]}},"_links":{"self":[{"href":"https:\/\/vessorundan.fi\/fi\/wp-json\/wp\/v2\/pages\/425","targetHints":{"allow":["GET"]}}],"collection":[{"href":"https:\/\/vessorundan.fi\/fi\/wp-json\/wp\/v2\/pages"}],"about":[{"href":"https:\/\/vessorundan.fi\/fi\/wp-json\/wp\/v2\/types\/page"}],"author":[{"embeddable":true,"href":"https:\/\/vessorundan.fi\/fi\/wp-json\/wp\/v2\/users\/2"}],"replies":[{"embeddable":true,"href":"https:\/\/vessorundan.fi\/fi\/wp-json\/wp\/v2\/comments?post=425"}],"version-history":[{"count":4,"href":"https:\/\/vessorundan.fi\/fi\/wp-json\/wp\/v2\/pages\/425\/revisions"}],"predecessor-version":[{"id":2176,"href":"https:\/\/vessorundan.fi\/fi\/wp-json\/wp\/v2\/pages\/425\/revisions\/2176"}],"wp:featuredmedia":[{"embeddable":true,"href":"https:\/\/vessorundan.fi\/fi\/wp-json\/wp\/v2\/media\/2108"}],"wp:attachment":[{"href":"https:\/\/vessorundan.fi\/fi\/wp-json\/wp\/v2\/media?parent=425"}],"curies":[{"name":"wp","href":"https:\/\/api.w.org\/{rel}","templated":true}]}}